{"id":61,"date":"2020-01-23T18:21:52","date_gmt":"2020-01-23T18:21:52","guid":{"rendered":"https:\/\/demosites.io\/web-agency-gb\/?page_id=61"},"modified":"2024-01-04T14:30:24","modified_gmt":"2024-01-04T14:30:24","slug":"15c42-web-agency-gb-about-us","status":"publish","type":"page","link":"https:\/\/colcopy.com\/?page_id=61","title":{"rendered":"About Us"},"content":{"rendered":"\n<div class=\"wp-block-cover alignfull\" style=\"min-height:300px;aspect-ratio:unset;\"><span aria-hidden=\"true\" class=\"wp-block-cover__background has-nv-site-bg-background-color has-background-dim-100 has-background-dim\"><\/span><div class=\"wp-block-cover__inner-container is-layout-flow wp-block-cover-is-layout-flow\">\n<div class=\"wp-block-group\"><div class=\"wp-block-group__inner-container is-layout-flow wp-block-group-is-layout-flow\">\n<h1 class=\"wp-block-heading has-text-align-left has-neve-text-color-color has-text-color\">\u00bfQuienes somos?<\/h1>\n<\/div><\/div>\n<\/div><\/div>\n\n\n\n<div class=\"wp-block-cover alignfull\" style=\"min-height:600px;aspect-ratio:unset;\"><span aria-hidden=\"true\" class=\"wp-block-cover__background has-nv-light-bg-background-color has-background-dim-100 has-background-dim\"><\/span><div class=\"wp-block-cover__inner-container is-layout-flow wp-block-cover-is-layout-flow\">\n<div class=\"wp-block-group\"><div class=\"wp-block-group__inner-container is-layout-flow wp-block-group-is-layout-flow\">\n<div style=\"height:80px\" aria-hidden=\"true\" class=\"wp-block-spacer\"><\/div>\n\n\n\n<div class=\"wp-block-columns are-vertically-aligned-center has-neve-text-color-color has-text-color is-layout-flex wp-container-core-columns-is-layout-9d6595d7 wp-block-columns-is-layout-flex\">\n<div class=\"wp-block-column is-vertically-aligned-center is-layout-flow wp-block-column-is-layout-flow\" style=\"flex-basis:50%\">\n<figure class=\"wp-block-image size-large\"><img loading=\"lazy\" decoding=\"async\" width=\"1024\" height=\"672\" src=\"https:\/\/colcopy.com\/wp-content\/uploads\/2024\/01\/0-1024x672.png\" alt=\"\" class=\"wp-image-481\" srcset=\"https:\/\/colcopy.com\/wp-content\/uploads\/2024\/01\/0-1024x672.png 1024w, https:\/\/colcopy.com\/wp-content\/uploads\/2024\/01\/0-300x197.png 300w, https:\/\/colcopy.com\/wp-content\/uploads\/2024\/01\/0-768x504.png 768w, https:\/\/colcopy.com\/wp-content\/uploads\/2024\/01\/0.png 1273w\" sizes=\"auto, (max-width: 1024px) 100vw, 1024px\" \/><\/figure>\n<\/div>\n\n\n\n<div class=\"wp-block-column is-vertically-aligned-center is-layout-flow wp-block-column-is-layout-flow\" style=\"flex-basis:50%\">\n<h2 class=\"wp-block-heading has-neve-text-color-color has-text-color\">Nuestra historia<\/h2>\n\n\n\n<p class=\"has-text-align-left\"><mark style=\"background-color:rgba(0, 0, 0, 0)\" class=\"has-inline-color has-nv-dark-bg-color\">COLCOPY naci\u00f3 en el a\u00f1o 1.999 como una necesidad del mercado para dar servicio al \u00e1rea de impresi\u00f3n y copiado de las empresas e instituciones educativas.<br>En sus primeros 5 a\u00f1os COLCOPY se dedic\u00f3 b\u00e1sicamente a la venta de Fotocopiadoras an\u00e1logas, para pasar a la venta y renta de Equipos Multifuncionales digitales, ampliando el portafolio de servicios.<br>Hacia el a\u00f1o 2006 incursiono en el negocio de la renta o outsorcing en impresi\u00f3n y copiado, instalando los primeros Equipos Multifuncionales en algunas empresas e instituciones de Cali.<br>Hoy contamos con m\u00e1s de 450 equipos en renta en los departamentos del sur occidente de Colombia incluyendo el eje cafetero y la ciudad de Bogot\u00e1.<\/mark><br><\/p>\n<\/div>\n<\/div>\n\n\n\n<div style=\"height:40px\" aria-hidden=\"true\" class=\"wp-block-spacer\"><\/div>\n<\/div><\/div>\n<\/div><\/div>\n\n\n\n<div class=\"wp-block-cover alignfull\" style=\"min-height:600px;aspect-ratio:unset;\"><span aria-hidden=\"true\" class=\"wp-block-cover__background has-nv-dark-bg-background-color has-background-dim-100 has-background-dim\"><\/span><div class=\"wp-block-cover__inner-container is-layout-flow wp-block-cover-is-layout-flow\">\n<div class=\"wp-block-group\"><div class=\"wp-block-group__inner-container is-layout-flow wp-block-group-is-layout-flow\">\n<div style=\"height:80px\" aria-hidden=\"true\" class=\"wp-block-spacer\"><\/div>\n\n\n\n<div class=\"wp-block-columns are-vertically-aligned-center is-layout-flex wp-container-core-columns-is-layout-9d6595d7 wp-block-columns-is-layout-flex\">\n<div class=\"wp-block-column is-vertically-aligned-center is-layout-flow wp-block-column-is-layout-flow\" style=\"flex-basis:50%\">\n<h2 class=\"wp-block-heading has-nv-text-dark-bg-color has-text-color\">Misi\u00f3n<\/h2>\n\n\n\n<p>Proveer las mejores soluciones documentales de copiado, impresi\u00f3n y esc\u00e1ner para nuestros clientes, con la mejor tecnolog\u00eda digital del mercado que satisfagan las necesidades de nuestros clientes, ofreciendo la mejor relaci\u00f3n entre calidad y precio, con un excelente servicio.<\/p>\n\n\n\n<h2 class=\"wp-block-heading has-nv-text-dark-bg-color has-text-color\">Visi\u00f3n<\/h2>\n\n\n\n<p>Ser para el a\u00f1o 2025 uno de los mejores proveedores de soluciones<br>documentales de impresi\u00f3n y copiado del sur occidente Colombiano, brindando confiablidad y generando beneficios y desarrollo para nuestros clientes, socios, empleados y la comunidad.<\/p>\n\n\n\n<div style=\"height:20px\" aria-hidden=\"true\" class=\"wp-block-spacer\"><\/div>\n\n\n\n<div style=\"height:20px\" aria-hidden=\"true\" class=\"wp-block-spacer\"><\/div>\n<\/div>\n\n\n\n<div class=\"wp-block-column is-vertically-aligned-center is-layout-flow wp-block-column-is-layout-flow\" style=\"flex-basis:50%\">\n<figure class=\"wp-block-image size-full is-resized\"><img loading=\"lazy\" decoding=\"async\" width=\"1000\" height=\"667\" src=\"https:\/\/colcopy.com\/wp-content\/uploads\/2024\/01\/business-strategy-success-target-goals.jpg\" alt=\"\" class=\"wp-image-483\" style=\"width:542px;height:auto\" srcset=\"https:\/\/colcopy.com\/wp-content\/uploads\/2024\/01\/business-strategy-success-target-goals.jpg 1000w, https:\/\/colcopy.com\/wp-content\/uploads\/2024\/01\/business-strategy-success-target-goals-300x200.jpg 300w, https:\/\/colcopy.com\/wp-content\/uploads\/2024\/01\/business-strategy-success-target-goals-768x512.jpg 768w, https:\/\/colcopy.com\/wp-content\/uploads\/2024\/01\/business-strategy-success-target-goals-930x620.jpg 930w\" sizes=\"auto, (max-width: 1000px) 100vw, 1000px\" \/><\/figure>\n<\/div>\n<\/div>\n\n\n\n<div style=\"height:40px\" aria-hidden=\"true\" class=\"wp-block-spacer\"><\/div>\n<\/div><\/div>\n<\/div><\/div>\n\n\n\n<div class=\"wp-block-cover alignfull\" style=\"min-height:600px;aspect-ratio:unset;\"><span aria-hidden=\"true\" class=\"wp-block-cover__background has-nv-light-bg-background-color has-background-dim-100 has-background-dim\"><\/span><div class=\"wp-block-cover__inner-container is-layout-flow wp-block-cover-is-layout-flow\">\n<div style=\"height:39px\" aria-hidden=\"true\" class=\"wp-block-spacer\"><\/div>\n\n\n\n<h2 class=\"wp-block-heading has-text-align-center has-neve-link-color-color has-text-color has-link-color wp-elements-9559d7c54d8c658337a7fe603d5b88bb\"><mark style=\"background-color:rgba(0, 0, 0, 0)\" class=\"has-inline-color has-nv-dark-bg-color\">VALORES CORPORATIVOS<\/mark><\/h2>\n\n\n\n<h3 class=\"wp-block-heading has-text-align-center has-nv-dark-bg-color has-text-color has-link-color wp-elements-2e04f37489e129877838758521989f37\">Recurso humano &#8211; Trabajo en equipo<\/h3>\n\n\n\n<p class=\"has-text-align-center has-nv-dark-bg-color has-text-color has-link-color wp-elements-8a50ab04160b3e4abf0218480fb684fe\">En COLCOPY despu\u00e9s de nuestro cliente, el personal es el factor m\u00e1s<br>importante, convencidos que el aporte de todos es importante para lograr los<br>objetivos institucionales. El trabajo en equipo, la colaboraci\u00f3n y crecimiento<br>personal son nuestro mejor valor agregado.<\/p>\n\n\n\n<h3 class=\"wp-block-heading has-text-align-center has-nv-dark-bg-color has-text-color has-link-color wp-elements-29018a04151b3ea60b047a4d16d461a9\">Compromiso, cumplimiento y calidad<\/h3>\n\n\n\n<p class=\"has-text-align-center has-nv-dark-bg-color has-text-color has-link-color wp-elements-59753f8ab071793a43b17ae54ecfd9e7\">El cumplimiento en nuestra actividad es fundamental, este garantiza nuestro<br>compromiso con clientes y proveedores, Nuestra calidad hace la diferencia.<br>Cumplimos con la entrega oportuna de nuestros productos a los clientes.<br>Cumplimos en la garant\u00eda ofrecida con un \u00e1gil servicio t\u00e9cnico.<br>Cumplimos en los compromisos adquiridos en nuestra venta, renta y<br>outsourcing.<\/p>\n\n\n\n<h3 class=\"wp-block-heading has-text-align-center has-nv-dark-bg-color has-text-color has-link-color wp-elements-1480ce600118d42fd0e6fa0f8995bbcf\">Responsabilidad<\/h3>\n\n\n\n<p class=\"has-text-align-center has-nv-dark-bg-color has-text-color has-link-color wp-elements-868d7de7c162db68040b9a661567a68f\">Responsabilidad para cumplir con todos los requerimientos de los clientes.<br>Responsabilidad para mejorar la capacidad de soluci\u00f3n de problemas.<br>Responsabilidad para ofrecerle cada d\u00eda un mejor servicio.<\/p>\n\n\n\n<h3 class=\"wp-block-heading has-text-align-center has-nv-dark-bg-color has-text-color has-link-color wp-elements-48fe51cb76cabc3922a3ea3981667b9e\">Liderazgo frente al cliente<\/h3>\n\n\n\n<p class=\"has-text-align-center has-nv-dark-bg-color has-text-color has-link-color wp-elements-46d55a96e9d9c29e859ca50fcd7119af\">Para COLCOPY SAS, el cliente es lo principal. Nuestro trabajo como empresa lo<br>confirman nuestros clientes, hacemos que nuestra empresa sea una extensi\u00f3n<br>de la suya, convirti\u00e9ndonos as\u00ed en su VALOR AGREGADO.<\/p>\n\n\n\n<h3 class=\"wp-block-heading has-text-align-center has-nv-dark-bg-color has-text-color has-link-color wp-elements-e566aa663b492a62a81895cf715dfb36\">Actitud de servicio<\/h3>\n\n\n\n<p class=\"has-text-align-center has-nv-dark-bg-color has-text-color has-link-color wp-elements-776e5ab5096126eb2fba94177247bfd0\">Nuestra disposici\u00f3n para brindar soluci\u00f3n a cada necesidad de los usuarios de<br>la soluci\u00f3n, con calidez, consideraci\u00f3n y amabilidad.<\/p>\n<\/div><\/div>\n","protected":false},"excerpt":{"rendered":"","protected":false},"author":1,"featured_media":0,"parent":0,"menu_order":0,"comment_status":"closed","ping_status":"closed","template":"","meta":{"neve_meta_sidebar":"default","neve_meta_container":"default","neve_meta_enable_content_width":"on","neve_meta_content_width":100,"neve_meta_title_alignment":"left","neve_meta_author_avatar":"","neve_post_elements_order":"","neve_meta_disable_header":"","neve_meta_disable_footer":"","neve_meta_disable_title":"on","_themeisle_gutenberg_block_has_review":false,"_ti_tpc_template_sync":false,"_ti_tpc_template_id":"eex7gnweb2m8vo93cr1g","footnotes":""},"class_list":["post-61","page","type-page","status-publish","hentry"],"_links":{"self":[{"href":"https:\/\/colcopy.com\/index.php?rest_route=\/wp\/v2\/pages\/61","targetHints":{"allow":["GET"]}}],"collection":[{"href":"https:\/\/colcopy.com\/index.php?rest_route=\/wp\/v2\/pages"}],"about":[{"href":"https:\/\/colcopy.com\/index.php?rest_route=\/wp\/v2\/types\/page"}],"author":[{"embeddable":true,"href":"https:\/\/colcopy.com\/index.php?rest_route=\/wp\/v2\/users\/1"}],"replies":[{"embeddable":true,"href":"https:\/\/colcopy.com\/index.php?rest_route=%2Fwp%2Fv2%2Fcomments&post=61"}],"version-history":[{"count":9,"href":"https:\/\/colcopy.com\/index.php?rest_route=\/wp\/v2\/pages\/61\/revisions"}],"predecessor-version":[{"id":503,"href":"https:\/\/colcopy.com\/index.php?rest_route=\/wp\/v2\/pages\/61\/revisions\/503"}],"wp:attachment":[{"href":"https:\/\/colcopy.com\/index.php?rest_route=%2Fwp%2Fv2%2Fmedia&parent=61"}],"curies":[{"name":"wp","href":"https:\/\/api.w.org\/{rel}","templated":true}]}}