{"id":5,"date":"2020-01-13T11:17:52","date_gmt":"2020-01-13T11:17:52","guid":{"rendered":"https:\/\/demosites.io\/web-agency-gb\/?page_id=5"},"modified":"2024-02-07T03:32:57","modified_gmt":"2024-02-07T03:32:57","slug":"15c42-web-agency-gb-home","status":"publish","type":"page","link":"https:\/\/colcopy.com\/","title":{"rendered":"Home"},"content":{"rendered":"\n<h2 class=\"wp-block-heading\">Soluciones en impresi\u00f3n y copiado<\/h2>\n\n\n\n<div id=\"wp-block-themeisle-blocks-slider-3804021a\" class=\"wp-block-themeisle-blocks-slider alignfull glide\" data-per-view=\"1\" data-gap=\"0\" data-peek=\"0\" data-autoplay=\"true\" data-height=\"800px\" data-hide-arrows=\"false\"><div class=\"glide__track\" data-glide-el=\"track\"><div class=\"glide__slides\"><div class=\"wp-block-themeisle-blocks-slider-item-wrapper glide__slide\" tabindex=\"0\"><figure><img decoding=\"async\" class=\"wp-block-themeisle-blocks-slider-item\" src=\"https:\/\/colcopy.com\/wp-content\/uploads\/2024\/02\/IMG_4103.jpg\" alt=\"\" title=\"\" data-id=\"520\"\/><\/figure><\/div><div class=\"wp-block-themeisle-blocks-slider-item-wrapper glide__slide\" tabindex=\"0\"><figure><img decoding=\"async\" class=\"wp-block-themeisle-blocks-slider-item\" src=\"https:\/\/colcopy.com\/wp-content\/uploads\/2023\/07\/IMG_0945-scaled.jpg\" alt=\"\" title=\"\" data-id=\"408\"\/><\/figure><\/div><div class=\"wp-block-themeisle-blocks-slider-item-wrapper glide__slide\" tabindex=\"0\"><figure><img decoding=\"async\" class=\"wp-block-themeisle-blocks-slider-item\" src=\"https:\/\/colcopy.com\/wp-content\/uploads\/2024\/01\/3.png\" alt=\"\" title=\"\" data-id=\"472\"\/><\/figure><\/div><div class=\"wp-block-themeisle-blocks-slider-item-wrapper glide__slide\" tabindex=\"0\"><figure><img decoding=\"async\" class=\"wp-block-themeisle-blocks-slider-item\" src=\"https:\/\/colcopy.com\/wp-content\/uploads\/2024\/01\/IMG_0872.png\" alt=\"\" title=\"\" data-id=\"465\"\/><\/figure><\/div><\/div><div class=\"glide__bullets\" data-glide-el=\"controls[nav]\"><button class=\"glide__bullet\" data-glide-dir=\"=0\"><\/button><button class=\"glide__bullet\" data-glide-dir=\"=1\"><\/button><button class=\"glide__bullet\" data-glide-dir=\"=2\"><\/button><button class=\"glide__bullet\" data-glide-dir=\"=3\"><\/button><\/div><\/div><\/div>\n\n\n\n<div style=\"height:12px\" aria-hidden=\"true\" class=\"wp-block-spacer\"><\/div>\n\n\n\n<div class=\"wp-block-columns is-layout-flex wp-container-core-columns-is-layout-9d6595d7 wp-block-columns-is-layout-flex\">\n<div class=\"wp-block-column is-layout-flow wp-block-column-is-layout-flow\"><div class=\"wp-block-image icon-style is-style-rounded wp-duotone-rgb255255255-rgb2213951-1\">\n<figure class=\"aligncenter size-large\"><img loading=\"lazy\" decoding=\"async\" width=\"72\" height=\"72\" src=\"https:\/\/colcopy.com\/wp-content\/uploads\/2020\/01\/neve-webdesign-GB-03.png\" alt=\"\" class=\"wp-image-20\" title=\"\"\/><\/figure>\n<\/div>\n\n\n<div style=\"height:20px\" aria-hidden=\"true\" class=\"wp-block-spacer\"><\/div>\n\n\n\n<h3 class=\"wp-block-heading has-text-align-center has-neve-text-color-color has-text-color\"><mark style=\"background-color:rgba(0, 0, 0, 0)\" class=\"has-inline-color has-nv-dark-bg-color\">Venta de fotocopiadoras multifuncionales e impresoras<\/mark><\/h3>\n\n\n\n<p class=\"has-text-align-center has-small-font-size\"><mark style=\"background-color:rgba(0, 0, 0, 0)\" class=\"has-inline-color has-nv-dark-bg-color\">Para nosotros es grato poner a su disposici\u00f3n toda una completa gama de soluciones para copiado, impresi\u00f3n y esc\u00e1ner, con Equipos Multifuncionales de \u00faltima generaci\u00f3n, las cuales re\u00fanen en su operaci\u00f3n la m\u00e1s perfecta combinaci\u00f3n de avanzada tecnolog\u00eda, ofreciendo al usuario una soluci\u00f3n en su productividad, un f\u00e1cil manejo de funciones y la mayor versatilidad. Adem\u00e1s garantizamos un eficiente manejo del documento tanto f\u00edsico como digital.<\/mark><\/p>\n\n\n\n<div style=\"height:20px\" aria-hidden=\"true\" class=\"wp-block-spacer\"><\/div>\n<\/div>\n\n\n\n<div class=\"wp-block-column is-layout-flow wp-block-column-is-layout-flow\"><div class=\"wp-block-image icon-style is-style-rounded wp-duotone-rgb255255255-rgb2213951-2\">\n<figure class=\"aligncenter size-large\"><img loading=\"lazy\" decoding=\"async\" width=\"72\" height=\"72\" src=\"https:\/\/colcopy.com\/wp-content\/uploads\/2020\/01\/neve-webdesign-GB-04.png\" alt=\"\" class=\"wp-image-21\"\/><\/figure>\n<\/div>\n\n\n<div style=\"height:20px\" aria-hidden=\"true\" class=\"wp-block-spacer\"><\/div>\n\n\n\n<h3 class=\"wp-block-heading has-text-align-center has-neve-text-color-color has-text-color\"><mark style=\"background-color:rgba(0, 0, 0, 0)\" class=\"has-inline-color has-nv-dark-bg-color\">Renta de quipos (outsourcing)<\/mark><\/h3>\n\n\n\n<p class=\"has-text-align-center has-small-font-size\"><mark style=\"background-color:rgba(0, 0, 0, 0)\" class=\"has-inline-color has-nv-dark-bg-color\">El objetivo fundamental del sistema de outsourcing es brindarle una soluci\u00f3n de copiado e impresi\u00f3n (esc\u00e1ner y fax), con tecnolog\u00eda de punta que le permita mejorar la productividad de sus funcionarios y disminuir sustancialmente los costos operativos actuales, alquilando los equipos multifuncionales, sin realizar ning\u00fan tipo de inversi\u00f3n inicial.<br>Pague b\u00e1sicamente por lo que imprime, copie y escane\u00e9 cada mes (por su consumo), sin tener que hacer compra de activos fijos.<\/mark><\/p>\n\n\n\n<div style=\"height:20px\" aria-hidden=\"true\" class=\"wp-block-spacer\"><\/div>\n<\/div>\n\n\n\n<div class=\"wp-block-column is-layout-flow wp-block-column-is-layout-flow\"><div class=\"wp-block-image icon-style is-style-rounded wp-duotone-rgb255255255-rgb2213951-3\">\n<figure class=\"aligncenter size-large\"><img loading=\"lazy\" decoding=\"async\" width=\"72\" height=\"72\" src=\"https:\/\/colcopy.com\/wp-content\/uploads\/2020\/01\/neve-webdesign-GB-01.png\" alt=\"\" class=\"wp-image-18\"\/><\/figure>\n<\/div>\n\n\n<div style=\"height:20px\" aria-hidden=\"true\" class=\"wp-block-spacer\"><\/div>\n\n\n\n<h3 class=\"wp-block-heading has-text-align-center has-neve-text-color-color has-text-color\"><mark style=\"background-color:rgba(0, 0, 0, 0)\" class=\"has-inline-color has-nv-dark-bg-color\">Venta de suministros y repuestos<\/mark><\/h3>\n\n\n\n<p class=\"has-text-align-center has-small-font-size\"><mark style=\"background-color:rgba(0, 0, 0, 0)\" class=\"has-inline-color has-nv-dark-bg-color\">Cada unidad de negocio est\u00e1 respaldada por un inventario suficiente de insumos gen\u00e9ricos y originales, para asegurar el continuo funcionamiento de cada equipo instalado en cada uno de nuestros clientes, garantizando la calidad de la imagen y un desempe\u00f1o \u00f3ptimo en cada equipo. Nuestro departamento de Venta y Pos Venta est\u00e1 disponible para asesorarlo en sus requerimientos de suministros (toner, cilindros, cuchillas, rodillos, etc.), inform\u00e1ndole la durabilidad de cada uno, y coordinando el despacho de sus pedidos en el menor tiempo posible.<\/mark><\/p>\n\n\n\n<div style=\"height:20px\" aria-hidden=\"true\" class=\"wp-block-spacer\"><\/div>\n<\/div>\n<\/div>\n\n\n\n<div class=\"wp-block-cover alignfull\" style=\"min-height:600px;aspect-ratio:unset;\"><span aria-hidden=\"true\" class=\"wp-block-cover__background has-nv-light-bg-background-color has-background-dim-100 has-background-dim\"><\/span><div class=\"wp-block-cover__inner-container is-layout-flow wp-block-cover-is-layout-flow\">\n<div class=\"wp-block-group\"><div class=\"wp-block-group__inner-container is-layout-flow wp-block-group-is-layout-flow\">\n<div class=\"wp-block-columns are-vertically-aligned-center is-layout-flex wp-container-core-columns-is-layout-9d6595d7 wp-block-columns-is-layout-flex\">\n<div class=\"wp-block-column is-vertically-aligned-center is-layout-flow wp-block-column-is-layout-flow\" style=\"flex-basis:50%\">\n<figure class=\"wp-block-image size-large\"><img loading=\"lazy\" decoding=\"async\" width=\"683\" height=\"1024\" src=\"https:\/\/colcopy.com\/wp-content\/uploads\/2023\/07\/IMG_0934-683x1024.jpg\" alt=\"\" class=\"wp-image-384\" srcset=\"https:\/\/colcopy.com\/wp-content\/uploads\/2023\/07\/IMG_0934-683x1024.jpg 683w, https:\/\/colcopy.com\/wp-content\/uploads\/2023\/07\/IMG_0934-200x300.jpg 200w, https:\/\/colcopy.com\/wp-content\/uploads\/2023\/07\/IMG_0934-768x1152.jpg 768w, https:\/\/colcopy.com\/wp-content\/uploads\/2023\/07\/IMG_0934-1024x1536.jpg 1024w, https:\/\/colcopy.com\/wp-content\/uploads\/2023\/07\/IMG_0934-1365x2048.jpg 1365w, https:\/\/colcopy.com\/wp-content\/uploads\/2023\/07\/IMG_0934-scaled.jpg 1707w\" sizes=\"auto, (max-width: 683px) 100vw, 683px\" \/><\/figure>\n<\/div>\n\n\n\n<div class=\"wp-block-column is-vertically-aligned-center is-layout-flow wp-block-column-is-layout-flow\" style=\"flex-basis:50%\">\n<div style=\"height:20px\" aria-hidden=\"true\" class=\"wp-block-spacer\"><\/div>\n\n\n\n<h2 class=\"wp-block-heading has-text-align-left has-neve-text-color-color has-text-color\">IMPORTADORES DIRECTOS DE MAQUINAS Y SUMINISTROS<\/h2>\n\n\n\n<p class=\"has-small-font-size\"><mark style=\"background-color:rgba(0, 0, 0, 0)\" class=\"has-inline-color has-nv-dark-bg-color\">Como importadores directos de equipos y repuestos, mantenemos un amplio stock de todas las marcas que representamos, para abastecer a nuestros clientes de venta como nuestros clientes de renta.<br>COLCOPY con 23 a\u00f1os de trayectoria y experiencia en productos de la l\u00ednea digital marca RICOH podemos ofrecerles diferentes modelos de Fotocopiadoras e Impresoras Multifuncionales marca RICOH de \u00faltima tecnolog\u00eda.<br>Para asegurar la continuidad a todos los procesos de reproducci\u00f3n grafica de su negocio o empresa, COLCOPY dispone de personal capacitado para atender sus requerimientos de servicio t\u00e9cnico, garantizando el correcto y oportuno funcionamiento de cada uno de sus equipos.<\/mark><\/p>\n\n\n\n<div class=\"wp-block-buttons is-horizontal is-content-justification-left is-layout-flex wp-container-core-buttons-is-layout-7e5fce0a wp-block-buttons-is-layout-flex\">\n<div class=\"wp-block-button is-style-primary\"><a class=\"wp-block-button__link wp-element-button\" href=\"https:\/\/wa.me\/message\/SB3NI76OD4WME1\"><mark style=\"background-color:rgba(0, 0, 0, 0)\" class=\"has-inline-color has-nv-site-bg-color\">COTIZAR<\/mark><\/a><\/div>\n<\/div>\n<\/div>\n<\/div>\n<\/div><\/div>\n<\/div><\/div>\n\n\n\n<div class=\"wp-block-cover alignfull\" style=\"min-height:600px;aspect-ratio:unset;\"><span aria-hidden=\"true\" class=\"wp-block-cover__background has-nv-site-bg-background-color has-background-dim-100 has-background-dim\"><\/span><div class=\"wp-block-cover__inner-container is-layout-flow wp-block-cover-is-layout-flow\">\n<div class=\"wp-block-group\"><div class=\"wp-block-group__inner-container is-layout-flow wp-block-group-is-layout-flow\">\n<div class=\"wp-block-columns are-vertically-aligned-center is-layout-flex wp-container-core-columns-is-layout-9d6595d7 wp-block-columns-is-layout-flex\">\n<div class=\"wp-block-column is-vertically-aligned-center is-layout-flow wp-block-column-is-layout-flow\" style=\"flex-basis:50%\">\n<h2 class=\"wp-block-heading has-text-align-left has-neve-text-color-color has-text-color\"><mark style=\"background-color:rgba(0, 0, 0, 0)\" class=\"has-inline-color has-nv-dark-bg-color\">Venta de suministros y repuestos<\/mark><\/h2>\n\n\n\n<p class=\"has-neve-link-color-color has-text-color has-small-font-size\"><mark style=\"background-color:rgba(0, 0, 0, 0)\" class=\"has-inline-color has-nv-dark-bg-color\">Buscando dar continuidad a la operaci\u00f3n de nuestros clientes, mantenemos un stock de partes usadas que permita solucionar alg\u00fan da\u00f1o no com\u00fan que se<\/mark> <mark style=\"background-color:rgba(0, 0, 0, 0)\" class=\"has-inline-color has-nv-dark-bg-color\">presente en los equipos instalados.<br>Entre estas partes contamos con:<br><sub>&#8211; Unidades de imagen.<br>&#8211; Unidades de revelado.<br>&#8211; Unidades de transferencia.<br>&#8211; Unidades de laser.<br>&#8211; Tarjetas controladoras, principales, de carga, de fuente.<br>&#8211; Motores principales, de caseteras, de transporte de papel, de revelado.<br>&#8211; Paneles, touch panel, ADF, duplex.<br>&#8211; Conectividades, memorias, tarjetas poscript y firmwares.<\/sub><\/mark><\/p>\n\n\n\n<div class=\"wp-block-buttons is-horizontal is-content-justification-left is-layout-flex wp-container-core-buttons-is-layout-7e5fce0a wp-block-buttons-is-layout-flex\">\n<div class=\"wp-block-button is-style-primary\"><a class=\"wp-block-button__link wp-element-button\" href=\"https:\/\/wa.me\/message\/SB3NI76OD4WME1\"><mark style=\"background-color:rgba(0, 0, 0, 0)\" class=\"has-inline-color has-nv-site-bg-color\">M\u00c1S INFORMACI\u00d3N<\/mark><\/a><\/div>\n<\/div>\n\n\n\n<div style=\"height:40px\" aria-hidden=\"true\" class=\"wp-block-spacer\"><\/div>\n<\/div>\n\n\n\n<div class=\"wp-block-column is-vertically-aligned-center is-layout-flow wp-block-column-is-layout-flow\" style=\"flex-basis:50%\">\n<figure class=\"wp-block-image size-large is-resized\"><img loading=\"lazy\" decoding=\"async\" width=\"1024\" height=\"683\" src=\"https:\/\/colcopy.com\/wp-content\/uploads\/2024\/01\/4-2-1024x683.png\" alt=\"\" class=\"wp-image-479\" style=\"width:689px;height:auto\" srcset=\"https:\/\/colcopy.com\/wp-content\/uploads\/2024\/01\/4-2-1024x683.png 1024w, https:\/\/colcopy.com\/wp-content\/uploads\/2024\/01\/4-2-300x200.png 300w, https:\/\/colcopy.com\/wp-content\/uploads\/2024\/01\/4-2-768x512.png 768w, https:\/\/colcopy.com\/wp-content\/uploads\/2024\/01\/4-2-1536x1024.png 1536w, https:\/\/colcopy.com\/wp-content\/uploads\/2024\/01\/4-2-2048x1365.png 2048w, https:\/\/colcopy.com\/wp-content\/uploads\/2024\/01\/4-2-930x620.png 930w\" sizes=\"auto, (max-width: 1024px) 100vw, 1024px\" \/><\/figure>\n<\/div>\n<\/div>\n<\/div><\/div>\n<\/div><\/div>\n\n\n\n<div class=\"wp-block-cover alignfull\" style=\"min-height:600px;aspect-ratio:unset;\"><span aria-hidden=\"true\" class=\"wp-block-cover__background has-nv-dark-bg-background-color has-background-dim-100 has-background-dim\"><\/span><div class=\"wp-block-cover__inner-container is-layout-flow wp-block-cover-is-layout-flow\">\n<div class=\"wp-block-group\"><div class=\"wp-block-group__inner-container is-layout-flow wp-block-group-is-layout-flow\">\n<div class=\"wp-block-columns are-vertically-aligned-center is-layout-flex wp-container-core-columns-is-layout-9d6595d7 wp-block-columns-is-layout-flex\">\n<div class=\"wp-block-column is-vertically-aligned-center is-layout-flow wp-block-column-is-layout-flow\" style=\"flex-basis:50%\">\n<figure class=\"wp-block-image size-large is-resized\"><img loading=\"lazy\" decoding=\"async\" width=\"1024\" height=\"683\" src=\"https:\/\/colcopy.com\/wp-content\/uploads\/2023\/07\/IMG_0914-1024x683.jpg\" alt=\"\" class=\"wp-image-385\" style=\"width:535px;height:auto\" srcset=\"https:\/\/colcopy.com\/wp-content\/uploads\/2023\/07\/IMG_0914-1024x683.jpg 1024w, https:\/\/colcopy.com\/wp-content\/uploads\/2023\/07\/IMG_0914-300x200.jpg 300w, https:\/\/colcopy.com\/wp-content\/uploads\/2023\/07\/IMG_0914-768x512.jpg 768w, https:\/\/colcopy.com\/wp-content\/uploads\/2023\/07\/IMG_0914-1536x1024.jpg 1536w, https:\/\/colcopy.com\/wp-content\/uploads\/2023\/07\/IMG_0914-2048x1365.jpg 2048w, https:\/\/colcopy.com\/wp-content\/uploads\/2023\/07\/IMG_0914-930x620.jpg 930w\" sizes=\"auto, (max-width: 1024px) 100vw, 1024px\" \/><\/figure>\n<\/div>\n\n\n\n<div class=\"wp-block-column is-vertically-aligned-center is-layout-flow wp-block-column-is-layout-flow\" style=\"flex-basis:50%\">\n<div style=\"height:40px\" aria-hidden=\"true\" class=\"wp-block-spacer\"><\/div>\n\n\n\n<h2 class=\"wp-block-heading has-text-align-left has-nv-text-dark-bg-color has-text-color\">Servicio t\u00e9cnico<\/h2>\n\n\n\n<p class=\"has-small-font-size\">Nuestra infraestructura de servicio t\u00e9cnico est\u00e1 dise\u00f1ada para atender a<br>nuestros clientes eficientemente. Contamos con stock de repuesto, equipos de respaldo y con el personal especializado dispuesto a apoyarlo en su labor diaria.<br>Ofrecemos servicios preventivos y correctivos:<br>&#8211; Servicio T\u00e9cnico puntual por 2 horas.<br>&#8211; Servicio de mantenimiento (garant\u00eda de 1 mes).<br>&#8211; P\u00f3lizas de Mantenimiento Mensual.<br>&#8211; Soporte telef\u00f3nico (clientes actuales).<\/p>\n\n\n\n<div class=\"wp-block-buttons is-horizontal is-content-justification-left is-layout-flex wp-container-core-buttons-is-layout-7e5fce0a wp-block-buttons-is-layout-flex\">\n<div class=\"wp-block-button is-style-primary\"><a class=\"wp-block-button__link wp-element-button\" href=\"https:\/\/wa.me\/message\/SB3NI76OD4WME1\"><mark style=\"background-color:rgba(0, 0, 0, 0)\" class=\"has-inline-color has-nv-site-bg-color\">MAS INFORMACI\u00d3N<\/mark><\/a><\/div>\n<\/div>\n<\/div>\n<\/div>\n\n\n\n<div style=\"height:50px\" aria-hidden=\"true\" class=\"wp-block-spacer\"><\/div>\n<\/div><\/div>\n<\/div><\/div>\n\n\n\n<div class=\"wp-block-cover alignfull\" style=\"min-height:300px;aspect-ratio:unset;\"><span aria-hidden=\"true\" class=\"wp-block-cover__background has-nv-dark-bg-background-color has-background-dim-100 has-background-dim\"><\/span><div class=\"wp-block-cover__inner-container is-layout-flow wp-block-cover-is-layout-flow\">\n<div style=\"height:140px\" aria-hidden=\"true\" class=\"wp-block-spacer\"><\/div>\n\n\n\n<h2 class=\"wp-block-heading has-text-align-center has-nv-text-dark-bg-color has-text-color\">\u00bfEstas listo para emprender con nosotros?<\/h2>\n\n\n\n<p class=\"has-text-align-center\">Con\u00f3ce las ventajas del OUTSOURSING<\/p>\n\n\n\n<div class=\"wp-block-buttons is-horizontal is-content-justification-center is-layout-flex wp-container-core-buttons-is-layout-499968f5 wp-block-buttons-is-layout-flex\">\n<div class=\"wp-block-button is-style-primary\"><a class=\"wp-block-button__link wp-element-button\" href=\"https:\/\/wa.me\/message\/SB3NI76OD4WME1\"><mark style=\"background-color:rgba(0, 0, 0, 0)\" class=\"has-inline-color has-nv-text-dark-bg-color\">CONT\u00c1CTANOS<\/mark><\/a><\/div>\n<\/div>\n\n\n\n<div style=\"height:140px\" aria-hidden=\"true\" class=\"wp-block-spacer\"><\/div>\n<\/div><\/div>\n","protected":false},"excerpt":{"rendered":"<p>Soluciones en impresi\u00f3n y copiado Venta de fotocopiadoras multifuncionales e impresoras Para nosotros es grato poner a su disposici\u00f3n toda una completa gama de soluciones para copiado, impresi\u00f3n y esc\u00e1ner, con Equipos Multifuncionales de \u00faltima generaci\u00f3n, las cuales re\u00fanen en su operaci\u00f3n la m\u00e1s perfecta combinaci\u00f3n de avanzada tecnolog\u00eda, ofreciendo al usuario una soluci\u00f3n en&hellip;&nbsp;<a href=\"https:\/\/colcopy.com\/\" class=\"\" rel=\"bookmark\">Leer m\u00e1s &raquo;<span class=\"screen-reader-text\">Home<\/span><\/a><\/p>\n","protected":false},"author":1,"featured_media":0,"parent":0,"menu_order":0,"comment_status":"closed","ping_status":"closed","template":"","meta":{"neve_meta_sidebar":"default","neve_meta_container":"default","neve_meta_enable_content_width":"on","neve_meta_content_width":100,"neve_meta_title_alignment":"","neve_meta_author_avatar":"","neve_post_elements_order":"","neve_meta_disable_header":"","neve_meta_disable_footer":"","neve_meta_disable_title":"on","_themeisle_gutenberg_block_has_review":false,"_ti_tpc_template_sync":false,"_ti_tpc_template_id":"5udqur826ojgsxrmsxsc","footnotes":""},"class_list":["post-5","page","type-page","status-publish","hentry"],"_links":{"self":[{"href":"https:\/\/colcopy.com\/index.php?rest_route=\/wp\/v2\/pages\/5","targetHints":{"allow":["GET"]}}],"collection":[{"href":"https:\/\/colcopy.com\/index.php?rest_route=\/wp\/v2\/pages"}],"about":[{"href":"https:\/\/colcopy.com\/index.php?rest_route=\/wp\/v2\/types\/page"}],"author":[{"embeddable":true,"href":"https:\/\/colcopy.com\/index.php?rest_route=\/wp\/v2\/users\/1"}],"replies":[{"embeddable":true,"href":"https:\/\/colcopy.com\/index.php?rest_route=%2Fwp%2Fv2%2Fcomments&post=5"}],"version-history":[{"count":51,"href":"https:\/\/colcopy.com\/index.php?rest_route=\/wp\/v2\/pages\/5\/revisions"}],"predecessor-version":[{"id":527,"href":"https:\/\/colcopy.com\/index.php?rest_route=\/wp\/v2\/pages\/5\/revisions\/527"}],"wp:attachment":[{"href":"https:\/\/colcopy.com\/index.php?rest_route=%2Fwp%2Fv2%2Fmedia&parent=5"}],"curies":[{"name":"wp","href":"https:\/\/api.w.org\/{rel}","templated":true}]}}